{"id":24338,"date":"2024-10-03T12:01:10","date_gmt":"2024-10-03T10:01:10","guid":{"rendered":"https:\/\/jakmedytowac.pl\/?page_id=24338"},"modified":"2024-10-03T12:13:14","modified_gmt":"2024-10-03T10:13:14","slug":"bezpieczenstwo-i-platnosci","status":"publish","type":"page","link":"https:\/\/jakmedytowac.pl\/produkty\/bezpieczenstwo-i-platnosci\/","title":{"rendered":"Bezpiecze\u0144stwo i p\u0142atno\u015bci"},"content":{"rendered":"<p>Przyk\u0142adamy bardzo du\u017c\u0105 wag\u0119 do tego, aby transakcje w naszym serwisie odbywa\u0142y si\u0119 zgodnie z najwy\u017cszymi standardami bezpiecze\u0144stwa. Poni\u017cej znajdziesz opis tego, w jaki spos\u00f3b to zapewniamy.<\/p>\n<h3>Szyfrowanie danych<\/h3>\n<p>Kupuj\u0105c kurs na naszej platformie, podajesz nam swoje dane, takie jak imi\u0119, adres e-mail, dane do faktury. Szanujemy to i dbamy, aby by\u0142y nale\u017cycie zabezpieczone.<\/p>\n<p>Wszystkie dane, kt\u00f3re podajesz szyfrujemy za pomoc\u0105 certyfikatu SSL, dzi\u0119ki czemu nie s\u0105 nara\u017cone na przechwycenie przez osoby niepowo\u0142ane.<\/p>\n<figure><img decoding=\"async\" class=\"alignleft\" src=\"https:\/\/estrategie.pl\/szkolenia\/wp-content\/uploads\/2018\/12\/homeSSL.png\" alt=\"\" \/><\/figure>\n<p>Co wi\u0119cej \u2013 najbardziej wra\u017cliwe dane p\u0142atnicze (np. numer karty p\u0142atniczej, dane logowania do banku) nigdy nie s\u0105 podawane bezpo\u015brednio na naszej stronie. Podajesz je bezpo\u015brednio na stronie firmy obs\u0142uguj\u0105cej p\u0142atno\u015bci online (np. PayU) \u2013 tak, jak przy innych zakupach online.<\/p>\n<h3>Bezpiecze\u0144stwo p\u0142atno\u015bci<\/h3>\n<p>Bezpiecze\u0144stwo p\u0142atno\u015bci zapewniamy dzi\u0119ki wsp\u00f3\u0142pracy wy\u0142\u0105cznie z zaufanymi i sprawdzonymi procesorami i metodami p\u0142atno\u015bci: PayU, Blik, Mastercard czy Visa.<\/p>\n<div class=\"wp-block-columns is-layout-flex wp-container-core-columns-is-layout-1 wp-block-columns-is-layout-flex\">\n<div class=\"wp-block-column is-layout-flow wp-block-column-is-layout-flow\">\n<figure class=\"wp-block-image size-full\"><img decoding=\"async\" class=\"wp-image-1686 alignleft\" src=\"https:\/\/bodyclean.pl\/kursy\/wp-content\/uploads\/2021\/11\/payu_logo.png\" alt=\"payu\" width=\"152\" height=\"76\" \/><\/figure>\n<\/div>\n<div class=\"wp-block-column is-layout-flow wp-block-column-is-layout-flow\">\n<figure class=\"wp-block-image size-full\"><img decoding=\"async\" class=\"wp-image-1684 alignleft\" src=\"https:\/\/bodyclean.pl\/kursy\/wp-content\/uploads\/2021\/11\/blik.png\" alt=\"blik\" width=\"160\" height=\"80\" \/><\/figure>\n<\/div>\n<div class=\"wp-block-column is-layout-flow wp-block-column-is-layout-flow\">\n<figure class=\"wp-block-image size-full\"><img decoding=\"async\" class=\"wp-image-1685 alignleft\" src=\"https:\/\/bodyclean.pl\/kursy\/wp-content\/uploads\/2021\/11\/mastercard.png\" alt=\"mastercard\" width=\"142\" height=\"71\" \/><\/figure>\n<\/div>\n<div class=\"wp-block-column is-layout-flow wp-block-column-is-layout-flow\">\n<figure class=\"wp-block-image size-full\"><img loading=\"lazy\" decoding=\"async\" class=\"wp-image-1687 alignleft\" src=\"https:\/\/bodyclean.pl\/kursy\/wp-content\/uploads\/2021\/11\/visa.png\" alt=\"visa\" width=\"156\" height=\"78\" \/><\/figure>\n<\/div>\n<\/div>\n<p>Dzi\u0119ki temu masz gwarancj\u0119, \u017ce Twoje pieni\u0105dze s\u0105 bezpieczne.<\/p>\n","protected":false},"excerpt":{"rendered":"<p>Przyk\u0142adamy bardzo du\u017c\u0105 wag\u0119 do tego, aby transakcje w naszym serwisie odbywa\u0142y si\u0119 zgodnie z najwy\u017cszymi standardami bezpiecze\u0144stwa. Poni\u017cej znajdziesz opis tego, w jaki spos\u00f3b to zapewniamy. Szyfrowanie danych Kupuj\u0105c kurs na naszej platformie, podajesz nam swoje dane, takie jak imi\u0119, adres e-mail, dane do faktury. Szanujemy to i dbamy, aby by\u0142y nale\u017cycie zabezpieczone. Wszystkie [&hellip;]<\/p>\n","protected":false},"author":4,"featured_media":0,"parent":0,"menu_order":0,"comment_status":"closed","ping_status":"closed","template":"","meta":{"_lmt_disableupdate":"no","_lmt_disable":"","footnotes":"","_links_to":"","_links_to_target":""},"class_list":["post-24338","page","type-page","status-publish","hentry"],"_links":{"self":[{"href":"https:\/\/jakmedytowac.pl\/produkty\/wp-json\/wp\/v2\/pages\/24338","targetHints":{"allow":["GET"]}}],"collection":[{"href":"https:\/\/jakmedytowac.pl\/produkty\/wp-json\/wp\/v2\/pages"}],"about":[{"href":"https:\/\/jakmedytowac.pl\/produkty\/wp-json\/wp\/v2\/types\/page"}],"author":[{"embeddable":true,"href":"https:\/\/jakmedytowac.pl\/produkty\/wp-json\/wp\/v2\/users\/4"}],"replies":[{"embeddable":true,"href":"https:\/\/jakmedytowac.pl\/produkty\/wp-json\/wp\/v2\/comments?post=24338"}],"version-history":[{"count":5,"href":"https:\/\/jakmedytowac.pl\/produkty\/wp-json\/wp\/v2\/pages\/24338\/revisions"}],"predecessor-version":[{"id":24346,"href":"https:\/\/jakmedytowac.pl\/produkty\/wp-json\/wp\/v2\/pages\/24338\/revisions\/24346"}],"wp:attachment":[{"href":"https:\/\/jakmedytowac.pl\/produkty\/wp-json\/wp\/v2\/media?parent=24338"}],"curies":[{"name":"wp","href":"https:\/\/api.w.org\/{rel}","templated":true}]}}