{"id":24355,"date":"2024-10-14T10:46:19","date_gmt":"2024-10-14T08:46:19","guid":{"rendered":"https:\/\/jakmedytowac.pl\/?page_id=24355"},"modified":"2024-10-14T10:57:02","modified_gmt":"2024-10-14T08:57:02","slug":"zakupy-na-raty","status":"publish","type":"page","link":"https:\/\/jakmedytowac.pl\/produkty\/zakupy-na-raty\/","title":{"rendered":"Zakupy na raty"},"content":{"rendered":"<p>W ramach p\u0142atno\u015bci PayU dost\u0119pne s\u0105 p\u0142atno\u015bci ratalne w dw\u00f3ch wariantach \u2013 standardowe raty z korzystnym oprocentowaniem lub\u00a0<strong>Raty 0%<\/strong>, dzi\u0119ki kt\u00f3rym nie ponosisz \u017cadnych koszt\u00f3w roz\u0142o\u017cenia p\u0142atno\u015bci na raty (RRSO 0%).<\/p>\n<h2 class=\"wp-block-heading\">Jak kupi\u0107 na raty krok po kroku<\/h2>\n<h3 class=\"wp-block-heading\">Krok 1<\/h3>\n<p>Kliknij &#8222;kup teraz&#8221; przy wybranym produkcie.<\/p>\n<h3 class=\"wp-block-heading\">Krok 2<\/h3>\n<p>Wype\u0142nij formularz zam\u00f3wienia i wybierz opcj\u0119 p\u0142atno\u015bci PayU.<\/p>\n<h3 class=\"wp-block-heading\">Krok 3<\/h3>\n<p>Po przej\u015bciu dalej zostaniesz przekierowany na stron\u0119 PayU, na kt\u00f3rej wybierz p\u0142atno\u015b\u0107 na raty:<\/p>\n<p><img fetchpriority=\"high\" decoding=\"async\" class=\"alignnone size-full wp-image-24356\" src=\"https:\/\/jakmedytowac.pl\/produkty\/wp-content\/uploads\/2024\/10\/raty1.png\" alt=\"raty payU\" width=\"1000\" height=\"669\" srcset=\"https:\/\/jakmedytowac.pl\/produkty\/wp-content\/uploads\/2024\/10\/raty1.png 1000w, https:\/\/jakmedytowac.pl\/produkty\/wp-content\/uploads\/2024\/10\/raty1-300x201.png 300w, https:\/\/jakmedytowac.pl\/produkty\/wp-content\/uploads\/2024\/10\/raty1-768x514.png 768w, https:\/\/jakmedytowac.pl\/produkty\/wp-content\/uploads\/2024\/10\/raty1-600x401.png 600w, https:\/\/jakmedytowac.pl\/produkty\/wp-content\/uploads\/2024\/10\/raty1-272x182.png 272w\" sizes=\"(max-width: 1000px) 100vw, 1000px\" \/><\/p>\n<h3 class=\"wp-block-heading\">Krok 4<\/h3>\n<p>Nast\u0119pnie wybierz form\u0119 rat, kt\u00f3ra jest dla Ciebie najlepsza. Do wyboru masz dwa warianty:<\/p>\n<p>a)\u00a0<strong>raty 0%<\/strong>\u00a0(nie ponosisz kosztu rat, jednak masz do wyboru mniejsz\u0105 liczb\u0119 rat);<br \/>\nb)\u00a0<strong>raty standardowe<\/strong>\u00a0(s\u0105 korzystnie oprocentowane, a dodatkowo mo\u017cesz rozbi\u0107 p\u0142atno\u015b\u0107 nawet na kilkadziesi\u0105t rat).<\/p>\n<p><img decoding=\"async\" class=\"alignnone size-full wp-image-24357\" src=\"https:\/\/jakmedytowac.pl\/produkty\/wp-content\/uploads\/2024\/10\/raty2.png\" alt=\"raty payU\" width=\"1000\" height=\"651\" srcset=\"https:\/\/jakmedytowac.pl\/produkty\/wp-content\/uploads\/2024\/10\/raty2.png 1000w, https:\/\/jakmedytowac.pl\/produkty\/wp-content\/uploads\/2024\/10\/raty2-300x195.png 300w, https:\/\/jakmedytowac.pl\/produkty\/wp-content\/uploads\/2024\/10\/raty2-768x500.png 768w, https:\/\/jakmedytowac.pl\/produkty\/wp-content\/uploads\/2024\/10\/raty2-600x391.png 600w\" sizes=\"(max-width: 1000px) 100vw, 1000px\" \/><\/p>\n<h3 class=\"wp-block-heading\">Krok 5<\/h3>\n<p>Wybierz liczb\u0119 rat i wype\u0142nij wniosek kredytowy zgodnie z instrukcjami systemu PayU. System mo\u017ce poprosi\u0107 Ci\u0119 o potwierdzenie to\u017csamo\u015bci przelewem w wysoko\u015bci 1 z\u0142.<\/p>\n<p>By ubiega\u0107 si\u0119 o Raty PayU, wystarczy wype\u0142ni\u0107 formularz dost\u0119pny online. Nie potrzebujesz zatem \u017cadnych dodatkowych za\u015bwiadcze\u0144, np. dowodu zatrudnienia z miejsca pracy. Zdolno\u015b\u0107 kredytowa weryfikowana jest na dwa sposoby:<\/p>\n<ul class=\"wp-block-list\">\n<li>je\u015bli robisz zakupy poni\u017cej 5 000 z\u0142, wystarczy we wniosku po\u017cyczkowym online z\u0142o\u017cy\u0107 o\u015bwiadczenie o wysoko\u015bci swoich zarobk\u00f3w;<\/li>\n<li>w przypadku zakup\u00f3w na kwot\u0119 wy\u017csz\u0105 ni\u017c 5 000 z\u0142, zostaniesz poproszony o mo\u017cliwo\u015b\u0107 wgl\u0105du do wyci\u0105g\u00f3w z Twojego konta online.<\/li>\n<\/ul>\n<h3 class=\"wp-block-heading\">Krok 6<\/h3>\n<p>Ostatnim krokiem jest decyzja kredytowa. Czas oczekiwania to zazwyczaj kilkana\u015bcie minut, ale mo\u017ce by\u0107 potrzebne nawet kilka godzin.<\/p>\n<ol class=\"wp-block-list\">\n<li>Otrzyma\u0142e\u015b decyzj\u0119 pozytywn\u0105? Wspaniale. Twoje dost\u0119py do programu pojawi\u0105 si\u0119 na Twojej skrzynce e-mail w ci\u0105gu kilku minut.<\/li>\n<li>Otrzyma\u0142e\u015b decyzj\u0119 negatywn\u0105? Nie martw si\u0119. Pojawi si\u0119 mo\u017cliwo\u015b\u0107 z\u0142o\u017cenia wniosku w kolejnym banku. Mo\u017cesz te\u017c zrezygnowa\u0107 z rat \u2013 napisz do mnie, a umo\u017cliwi\u0119 Ci op\u0142acenie zam\u00f3wienia w inny spos\u00f3b (np. przelewem tradycyjnym, blikiem, kart\u0105 lub szybkim przelewem).<\/li>\n<\/ol>\n<p>Wi\u0119cej informacji na temat p\u0142atno\u015bci ratalnych PayU oraz RRSO znajduj\u0105 si\u0119\u00a0<a href=\"https:\/\/poland.payu.com\/wp-content\/uploads\/sites\/14\/2021\/06\/Najczesciej_zadawane_pytania_o_Raty_PayU_3.pdf\" target=\"_blank\" rel=\"noreferrer noopener\">tutaj<\/a>.<\/p>\n<p>Regulamin rat 0% znajduje si\u0119\u00a0<a href=\"https:\/\/poland.payu.com\/wp-content\/uploads\/sites\/14\/2020\/11\/Regulamin_Rat_PayU_0_dla_kupujacego.pdf\" target=\"_blank\" rel=\"noreferrer noopener\">tutaj<\/a>.<\/p>\n","protected":false},"excerpt":{"rendered":"<p>W ramach p\u0142atno\u015bci PayU dost\u0119pne s\u0105 p\u0142atno\u015bci ratalne w dw\u00f3ch wariantach \u2013 standardowe raty z korzystnym oprocentowaniem lub\u00a0Raty 0%, dzi\u0119ki kt\u00f3rym nie ponosisz \u017cadnych koszt\u00f3w roz\u0142o\u017cenia p\u0142atno\u015bci na raty (RRSO 0%). Jak kupi\u0107 na raty krok po kroku Krok 1 Kliknij &#8222;kup teraz&#8221; przy wybranym produkcie. Krok 2 Wype\u0142nij formularz zam\u00f3wienia i wybierz opcj\u0119 p\u0142atno\u015bci [&hellip;]<\/p>\n","protected":false},"author":4,"featured_media":0,"parent":0,"menu_order":0,"comment_status":"closed","ping_status":"closed","template":"","meta":{"_lmt_disableupdate":"no","_lmt_disable":"","footnotes":"","_links_to":"","_links_to_target":""},"class_list":["post-24355","page","type-page","status-publish","hentry"],"_links":{"self":[{"href":"https:\/\/jakmedytowac.pl\/produkty\/wp-json\/wp\/v2\/pages\/24355","targetHints":{"allow":["GET"]}}],"collection":[{"href":"https:\/\/jakmedytowac.pl\/produkty\/wp-json\/wp\/v2\/pages"}],"about":[{"href":"https:\/\/jakmedytowac.pl\/produkty\/wp-json\/wp\/v2\/types\/page"}],"author":[{"embeddable":true,"href":"https:\/\/jakmedytowac.pl\/produkty\/wp-json\/wp\/v2\/users\/4"}],"replies":[{"embeddable":true,"href":"https:\/\/jakmedytowac.pl\/produkty\/wp-json\/wp\/v2\/comments?post=24355"}],"version-history":[{"count":2,"href":"https:\/\/jakmedytowac.pl\/produkty\/wp-json\/wp\/v2\/pages\/24355\/revisions"}],"predecessor-version":[{"id":24363,"href":"https:\/\/jakmedytowac.pl\/produkty\/wp-json\/wp\/v2\/pages\/24355\/revisions\/24363"}],"wp:attachment":[{"href":"https:\/\/jakmedytowac.pl\/produkty\/wp-json\/wp\/v2\/media?parent=24355"}],"curies":[{"name":"wp","href":"https:\/\/api.w.org\/{rel}","templated":true}]}}